{"id":970,"date":"2023-04-15T12:51:18","date_gmt":"2023-04-15T10:51:18","guid":{"rendered":"https:\/\/krijesnice-osang.net\/wp\/?page_id=970"},"modified":"2026-01-25T22:42:00","modified_gmt":"2026-01-25T21:42:00","slug":"glavna-team-novo-ruho-obrazovanja","status":"publish","type":"page","link":"https:\/\/krijesnice-osang.net\/wp\/glavna-team-novo-ruho-obrazovanja\/","title":{"rendered":"GLAVNA TEMA: Ljepota razli\u010ditosti, snaga tolerancije"},"content":{"rendered":"\n<div class=\"wp-block-query is-layout-flow wp-block-query-is-layout-flow\"><ul class=\"wp-block-post-template is-layout-flow wp-block-post-template-is-layout-flow\"><li class=\"wp-block-post post-3054 post type-post status-publish format-standard has-post-thumbnail hentry category-glavna-tema-razlicitost-tolerancija tag-umjetnost\">\n\n<div class=\"wp-block-columns are-vertically-aligned-center is-layout-flex wp-container-core-columns-is-layout-28f84493 wp-block-columns-is-layout-flex\">\n<div class=\"wp-block-column is-vertically-aligned-center is-layout-flow wp-block-column-is-layout-flow\" style=\"flex-basis:25%\"><figure class=\"wp-block-post-featured-image\"><a href=\"https:\/\/krijesnice-osang.net\/wp\/2026\/03\/26\/intervju-s-laurom-hrastic\/\" target=\"_self\"  ><img fetchpriority=\"high\" decoding=\"async\" width=\"856\" height=\"1239\" src=\"https:\/\/krijesnice-osang.net\/wp\/wp-content\/uploads\/2026\/03\/Medijski-sadrzaj-1.png\" class=\"attachment-post-thumbnail size-post-thumbnail wp-post-image\" alt=\"\u00a0Intervju s Laurom Hrasti\u0107\u00a0\" style=\"object-fit:cover;\" srcset=\"https:\/\/krijesnice-osang.net\/wp\/wp-content\/uploads\/2026\/03\/Medijski-sadrzaj-1.png 856w, https:\/\/krijesnice-osang.net\/wp\/wp-content\/uploads\/2026\/03\/Medijski-sadrzaj-1-207x300.png 207w, https:\/\/krijesnice-osang.net\/wp\/wp-content\/uploads\/2026\/03\/Medijski-sadrzaj-1-707x1024.png 707w, https:\/\/krijesnice-osang.net\/wp\/wp-content\/uploads\/2026\/03\/Medijski-sadrzaj-1-768x1112.png 768w\" sizes=\"(max-width: 856px) 100vw, 856px\" \/><\/a><\/figure><\/div>\n\n\n\n<div class=\"wp-block-column is-vertically-aligned-center is-layout-flow wp-block-column-is-layout-flow\" style=\"flex-basis:75%\"><h2 class=\"wp-block-post-title\"><a href=\"https:\/\/krijesnice-osang.net\/wp\/2026\/03\/26\/intervju-s-laurom-hrastic\/\" target=\"_self\" >\u00a0Intervju s Laurom Hrasti\u0107\u00a0<\/a><\/h2><\/div>\n<\/div>\n\n<\/li><li class=\"wp-block-post post-2954 post type-post status-publish format-standard has-post-thumbnail hentry category-glavna-tema-razlicitost-tolerancija tag-strip\">\n\n<div class=\"wp-block-columns are-vertically-aligned-center is-layout-flex wp-container-core-columns-is-layout-28f84493 wp-block-columns-is-layout-flex\">\n<div class=\"wp-block-column is-vertically-aligned-center is-layout-flow wp-block-column-is-layout-flow\" style=\"flex-basis:25%\"><figure class=\"wp-block-post-featured-image\"><a href=\"https:\/\/krijesnice-osang.net\/wp\/2026\/01\/29\/cudni-stripovi-tiana-magdica\/\" target=\"_self\"  ><img decoding=\"async\" width=\"1172\" height=\"1052\" src=\"https:\/\/krijesnice-osang.net\/wp\/wp-content\/uploads\/2026\/01\/viber_slika_2026-01-29_14-07-29-695.jpg\" class=\"attachment-post-thumbnail size-post-thumbnail wp-post-image\" alt=\"\u00a0\u201c\u010cudni stripovi\u201d\u00a0Tiana\u00a0Magdi\u0107a\u00a0\" style=\"object-fit:cover;\" srcset=\"https:\/\/krijesnice-osang.net\/wp\/wp-content\/uploads\/2026\/01\/viber_slika_2026-01-29_14-07-29-695.jpg 1172w, https:\/\/krijesnice-osang.net\/wp\/wp-content\/uploads\/2026\/01\/viber_slika_2026-01-29_14-07-29-695-300x269.jpg 300w, https:\/\/krijesnice-osang.net\/wp\/wp-content\/uploads\/2026\/01\/viber_slika_2026-01-29_14-07-29-695-1024x919.jpg 1024w, https:\/\/krijesnice-osang.net\/wp\/wp-content\/uploads\/2026\/01\/viber_slika_2026-01-29_14-07-29-695-768x689.jpg 768w, https:\/\/krijesnice-osang.net\/wp\/wp-content\/uploads\/2026\/01\/viber_slika_2026-01-29_14-07-29-695-1140x1023.jpg 1140w\" sizes=\"(max-width: 1172px) 100vw, 1172px\" \/><\/a><\/figure><\/div>\n\n\n\n<div class=\"wp-block-column is-vertically-aligned-center is-layout-flow wp-block-column-is-layout-flow\" style=\"flex-basis:75%\"><h2 class=\"wp-block-post-title\"><a href=\"https:\/\/krijesnice-osang.net\/wp\/2026\/01\/29\/cudni-stripovi-tiana-magdica\/\" target=\"_self\" >\u00a0\u201c\u010cudni stripovi\u201d\u00a0Tiana\u00a0Magdi\u0107a\u00a0<\/a><\/h2><\/div>\n<\/div>\n\n<\/li><li class=\"wp-block-post post-2979 post type-post status-publish format-standard has-post-thumbnail hentry category-glavna-tema-razlicitost-tolerancija tag-darivanje-krvi\">\n\n<div class=\"wp-block-columns are-vertically-aligned-center is-layout-flex wp-container-core-columns-is-layout-28f84493 wp-block-columns-is-layout-flex\">\n<div class=\"wp-block-column is-vertically-aligned-center is-layout-flow wp-block-column-is-layout-flow\" style=\"flex-basis:25%\"><figure class=\"wp-block-post-featured-image\"><a href=\"https:\/\/krijesnice-osang.net\/wp\/2025\/11\/17\/ljudi-velikog-srca-prica-o-darivanju-krvi-i-nasem-skolskom-racunovodi-oliveru-medimorcu\/\" target=\"_self\"  ><img decoding=\"async\" width=\"900\" height=\"1006\" src=\"https:\/\/krijesnice-osang.net\/wp\/wp-content\/uploads\/2026\/02\/viber_slika_2026-02-06_12-02-11-873-e1770586241898.jpg\" class=\"attachment-post-thumbnail size-post-thumbnail wp-post-image\" alt=\"\u00a0Pri\u010da o darivanju krvi\" style=\"object-fit:cover;\" srcset=\"https:\/\/krijesnice-osang.net\/wp\/wp-content\/uploads\/2026\/02\/viber_slika_2026-02-06_12-02-11-873-e1770586241898.jpg 900w, https:\/\/krijesnice-osang.net\/wp\/wp-content\/uploads\/2026\/02\/viber_slika_2026-02-06_12-02-11-873-e1770586241898-268x300.jpg 268w, https:\/\/krijesnice-osang.net\/wp\/wp-content\/uploads\/2026\/02\/viber_slika_2026-02-06_12-02-11-873-e1770586241898-768x858.jpg 768w\" sizes=\"(max-width: 900px) 100vw, 900px\" \/><\/a><\/figure><\/div>\n\n\n\n<div class=\"wp-block-column is-vertically-aligned-center is-layout-flow wp-block-column-is-layout-flow\" style=\"flex-basis:75%\"><h2 class=\"wp-block-post-title\"><a href=\"https:\/\/krijesnice-osang.net\/wp\/2025\/11\/17\/ljudi-velikog-srca-prica-o-darivanju-krvi-i-nasem-skolskom-racunovodi-oliveru-medimorcu\/\" target=\"_self\" >\u00a0Pri\u010da o darivanju krvi<\/a><\/h2><\/div>\n<\/div>\n\n<\/li><li class=\"wp-block-post post-2782 post type-post status-publish format-standard has-post-thumbnail hentry category-glavna-tema-razlicitost-tolerancija tag-genijalac-iz-koprivnice tag-glazba tag-znanost\">\n\n<div class=\"wp-block-columns are-vertically-aligned-center is-layout-flex wp-container-core-columns-is-layout-28f84493 wp-block-columns-is-layout-flex\">\n<div class=\"wp-block-column is-vertically-aligned-center is-layout-flow wp-block-column-is-layout-flow\" style=\"flex-basis:25%\"><figure class=\"wp-block-post-featured-image\"><a href=\"https:\/\/krijesnice-osang.net\/wp\/2025\/11\/05\/mladi-genijalac-iz-koprivnice-spaja-znanost-i-glazbu\/\" target=\"_self\"  ><img loading=\"lazy\" decoding=\"async\" width=\"1600\" height=\"728\" src=\"https:\/\/krijesnice-osang.net\/wp\/wp-content\/uploads\/2025\/11\/viber_slika_2025-11-02_10-16-36-557-e1762333978641.jpg\" class=\"attachment-post-thumbnail size-post-thumbnail wp-post-image\" alt=\"Mladi genijalac iz Koprivnice spaja znanost i glazbu\u00a0\" style=\"object-fit:cover;\" srcset=\"https:\/\/krijesnice-osang.net\/wp\/wp-content\/uploads\/2025\/11\/viber_slika_2025-11-02_10-16-36-557-e1762333978641.jpg 1600w, https:\/\/krijesnice-osang.net\/wp\/wp-content\/uploads\/2025\/11\/viber_slika_2025-11-02_10-16-36-557-e1762333978641-300x137.jpg 300w, https:\/\/krijesnice-osang.net\/wp\/wp-content\/uploads\/2025\/11\/viber_slika_2025-11-02_10-16-36-557-e1762333978641-1024x466.jpg 1024w, https:\/\/krijesnice-osang.net\/wp\/wp-content\/uploads\/2025\/11\/viber_slika_2025-11-02_10-16-36-557-e1762333978641-1536x699.jpg 1536w, https:\/\/krijesnice-osang.net\/wp\/wp-content\/uploads\/2025\/11\/viber_slika_2025-11-02_10-16-36-557-e1762333978641-768x349.jpg 768w, https:\/\/krijesnice-osang.net\/wp\/wp-content\/uploads\/2025\/11\/viber_slika_2025-11-02_10-16-36-557-e1762333978641-1140x519.jpg 1140w\" sizes=\"(max-width: 1600px) 100vw, 1600px\" \/><\/a><\/figure><\/div>\n\n\n\n<div class=\"wp-block-column is-vertically-aligned-center is-layout-flow wp-block-column-is-layout-flow\" style=\"flex-basis:75%\"><h2 class=\"wp-block-post-title\"><a href=\"https:\/\/krijesnice-osang.net\/wp\/2025\/11\/05\/mladi-genijalac-iz-koprivnice-spaja-znanost-i-glazbu\/\" target=\"_self\" >Mladi genijalac iz Koprivnice spaja znanost i glazbu\u00a0<\/a><\/h2><\/div>\n<\/div>\n\n<\/li><li class=\"wp-block-post post-2758 post type-post status-publish format-standard has-post-thumbnail hentry category-glavna-tema-razlicitost-tolerancija tag-tehnicka-kultura tag-uciteljica-anka-gacic\">\n\n<div class=\"wp-block-columns are-vertically-aligned-center is-layout-flex wp-container-core-columns-is-layout-28f84493 wp-block-columns-is-layout-flex\">\n<div class=\"wp-block-column is-vertically-aligned-center is-layout-flow wp-block-column-is-layout-flow\" style=\"flex-basis:25%\"><figure class=\"wp-block-post-featured-image\"><a href=\"https:\/\/krijesnice-osang.net\/wp\/2025\/10\/26\/cetiri-desetljeca-posvecenosti-obrazovanju\/\" target=\"_self\"  ><img loading=\"lazy\" decoding=\"async\" width=\"1200\" height=\"1600\" src=\"https:\/\/krijesnice-osang.net\/wp\/wp-content\/uploads\/2025\/10\/viber_slika_2025-10-14_12-49-22-317.jpg\" class=\"attachment-post-thumbnail size-post-thumbnail wp-post-image\" alt=\"\u010cetiri desetlje\u0107a posve\u0107enosti obrazovanju\u00a0\" style=\"object-fit:cover;\" srcset=\"https:\/\/krijesnice-osang.net\/wp\/wp-content\/uploads\/2025\/10\/viber_slika_2025-10-14_12-49-22-317.jpg 1200w, https:\/\/krijesnice-osang.net\/wp\/wp-content\/uploads\/2025\/10\/viber_slika_2025-10-14_12-49-22-317-225x300.jpg 225w, https:\/\/krijesnice-osang.net\/wp\/wp-content\/uploads\/2025\/10\/viber_slika_2025-10-14_12-49-22-317-768x1024.jpg 768w, https:\/\/krijesnice-osang.net\/wp\/wp-content\/uploads\/2025\/10\/viber_slika_2025-10-14_12-49-22-317-1152x1536.jpg 1152w, https:\/\/krijesnice-osang.net\/wp\/wp-content\/uploads\/2025\/10\/viber_slika_2025-10-14_12-49-22-317-1140x1520.jpg 1140w\" sizes=\"(max-width: 1200px) 100vw, 1200px\" \/><\/a><\/figure><\/div>\n\n\n\n<div class=\"wp-block-column is-vertically-aligned-center is-layout-flow wp-block-column-is-layout-flow\" style=\"flex-basis:75%\"><h2 class=\"wp-block-post-title\"><a href=\"https:\/\/krijesnice-osang.net\/wp\/2025\/10\/26\/cetiri-desetljeca-posvecenosti-obrazovanju\/\" target=\"_self\" >\u010cetiri desetlje\u0107a posve\u0107enosti obrazovanju\u00a0<\/a><\/h2><\/div>\n<\/div>\n\n<\/li><li class=\"wp-block-post post-2672 post type-post status-publish format-standard has-post-thumbnail hentry category-glavna-tema-razlicitost-tolerancija category-sport tag-proljetni-kros\">\n\n<div class=\"wp-block-columns are-vertically-aligned-center is-layout-flex wp-container-core-columns-is-layout-28f84493 wp-block-columns-is-layout-flex\">\n<div class=\"wp-block-column is-vertically-aligned-center is-layout-flow wp-block-column-is-layout-flow\" style=\"flex-basis:25%\"><figure class=\"wp-block-post-featured-image\"><a href=\"https:\/\/krijesnice-osang.net\/wp\/2025\/05\/14\/kros-uzitak-ili-tlaka\/\" target=\"_self\"  ><img loading=\"lazy\" decoding=\"async\" width=\"1536\" height=\"1152\" src=\"https:\/\/krijesnice-osang.net\/wp\/wp-content\/uploads\/2025\/05\/Setnja11-1536x1152-1.jpg\" class=\"attachment-post-thumbnail size-post-thumbnail wp-post-image\" alt=\"Kros \u2013 u\u017eitak ili tlaka?\" style=\"object-fit:cover;\" srcset=\"https:\/\/krijesnice-osang.net\/wp\/wp-content\/uploads\/2025\/05\/Setnja11-1536x1152-1.jpg 1536w, https:\/\/krijesnice-osang.net\/wp\/wp-content\/uploads\/2025\/05\/Setnja11-1536x1152-1-300x225.jpg 300w, https:\/\/krijesnice-osang.net\/wp\/wp-content\/uploads\/2025\/05\/Setnja11-1536x1152-1-1024x768.jpg 1024w, https:\/\/krijesnice-osang.net\/wp\/wp-content\/uploads\/2025\/05\/Setnja11-1536x1152-1-768x576.jpg 768w, https:\/\/krijesnice-osang.net\/wp\/wp-content\/uploads\/2025\/05\/Setnja11-1536x1152-1-1140x855.jpg 1140w\" sizes=\"(max-width: 1536px) 100vw, 1536px\" \/><\/a><\/figure><\/div>\n\n\n\n<div class=\"wp-block-column is-vertically-aligned-center is-layout-flow wp-block-column-is-layout-flow\" style=\"flex-basis:75%\"><h2 class=\"wp-block-post-title\"><a href=\"https:\/\/krijesnice-osang.net\/wp\/2025\/05\/14\/kros-uzitak-ili-tlaka\/\" target=\"_self\" >Kros \u2013 u\u017eitak ili tlaka?<\/a><\/h2><\/div>\n<\/div>\n\n<\/li><\/ul><\/div>\n\n\n\n<p><\/p>\n","protected":false},"excerpt":{"rendered":"","protected":false},"author":1,"featured_media":0,"parent":0,"menu_order":0,"comment_status":"closed","ping_status":"closed","template":"","meta":{"footnotes":""},"class_list":["post-970","page","type-page","status-publish","hentry"],"blog_post_layout_featured_media_urls":{"thumbnail":"","full":""},"categories_names":null,"comments_number":"0","wpmagazine_modules_lite_featured_media_urls":{"thumbnail":"","cvmm-medium":"","cvmm-medium-plus":"","cvmm-portrait":"","cvmm-medium-square":"","cvmm-large":"","cvmm-small":"","full":""},"_links":{"self":[{"href":"https:\/\/krijesnice-osang.net\/wp\/wp-json\/wp\/v2\/pages\/970","targetHints":{"allow":["GET"]}}],"collection":[{"href":"https:\/\/krijesnice-osang.net\/wp\/wp-json\/wp\/v2\/pages"}],"about":[{"href":"https:\/\/krijesnice-osang.net\/wp\/wp-json\/wp\/v2\/types\/page"}],"author":[{"embeddable":true,"href":"https:\/\/krijesnice-osang.net\/wp\/wp-json\/wp\/v2\/users\/1"}],"replies":[{"embeddable":true,"href":"https:\/\/krijesnice-osang.net\/wp\/wp-json\/wp\/v2\/comments?post=970"}],"version-history":[{"count":14,"href":"https:\/\/krijesnice-osang.net\/wp\/wp-json\/wp\/v2\/pages\/970\/revisions"}],"predecessor-version":[{"id":2928,"href":"https:\/\/krijesnice-osang.net\/wp\/wp-json\/wp\/v2\/pages\/970\/revisions\/2928"}],"wp:attachment":[{"href":"https:\/\/krijesnice-osang.net\/wp\/wp-json\/wp\/v2\/media?parent=970"}],"curies":[{"name":"wp","href":"https:\/\/api.w.org\/{rel}","templated":true}]}}